{"id":2,"date":"2013-05-11T14:45:46","date_gmt":"2013-05-11T14:45:46","guid":{"rendered":"http:\/\/www.bsw-orchester-brake.de\/?page_id=2"},"modified":"2022-12-01T16:24:37","modified_gmt":"2022-12-01T15:24:37","slug":"sample-page","status":"publish","type":"page","link":"https:\/\/www.bsw-orchester-brake.de\/?page_id=2","title":{"rendered":"\u00dcber uns"},"content":{"rendered":"<p>Ein Blasorchester ist schon etwas Besonderes! Vor allem, wenn sich w\u00f6chentlich jeden Freitag 20 Personen treffen, um gemeinsam etwas Sinnvolles auf die Beine zu stellen. Noch besser ist, dass nicht nur Menschen einer Generation zusammen Freude am Musizieren haben, sondern dass jeden Freitag ein \u201eTreffen der Generationen\u201c stattfindet, bei dem junge und jung gebliebene Menschen miteinander Spa\u00df haben.<\/p>\n<p>Unser Blasorchester besteht seit\u00a01950 und spielt zu vielen Anl\u00e4ssen auf. Auf dem Programm stehen sowohl sinfonische Blasmusik als auch Jazz im Bigband-Sound, Lateinamerikanisches und nicht zuletzt M\u00e4rsche und volkst\u00fcmliche Musik. Die Spielfreude ist dabei allen Musikanten und Musikantinnen anzusehen und der Sound kann sich wirklich h\u00f6ren lassen.<\/p>\n<p><iframe loading=\"lazy\" title=\"Tanz der Vampire - BSW-Orchester Brake e.V.\" width=\"605\" height=\"340\" src=\"https:\/\/www.youtube.com\/embed\/-Ld0akCsHGo?feature=oembed\" frameborder=\"0\" allow=\"accelerometer; autoplay; clipboard-write; encrypted-media; gyroscope; picture-in-picture; web-share\" referrerpolicy=\"strict-origin-when-cross-origin\" allowfullscreen><\/iframe><\/p>\n<p>Gerne nehmen wir neue Mitglieder auf. Ob bereits ein Instrument gespielt wird oder ob ein Interesse besteht ein Instrument neu zu erlernen: Jeder ist bei unseren Proben gern gesehen oder kann bei einem unserer Auftritte Kontakt zu uns aufnehmen. \u00a0Wir freuen uns auf Sie!<\/p>\n<p>Ulla Schumacher<br \/>\n1. Vorsitzende<\/p>\n","protected":false},"excerpt":{"rendered":"<p>Ein Blasorchester ist schon etwas Besonderes! Vor allem, wenn sich w\u00f6chentlich jeden Freitag 20 Personen treffen, um gemeinsam etwas Sinnvolles auf die Beine zu stellen. Noch besser ist, dass nicht nur Menschen einer Generation zusammen Freude am Musizieren haben, sondern &hellip;<\/p>\n<p class=\"read-more\"> <a class=\"more-link\" href=\"https:\/\/www.bsw-orchester-brake.de\/?page_id=2\"> <span class=\"screen-reader-text\">\u00dcber uns<\/span> Weiterlesen &raquo;<\/a><\/p>\n","protected":false},"author":6,"featured_media":0,"parent":0,"menu_order":2,"comment_status":"closed","ping_status":"closed","template":"","meta":{"footnotes":"","_links_to":"","_links_to_target":""},"class_list":["post-2","page","type-page","status-publish","hentry"],"_links":{"self":[{"href":"https:\/\/www.bsw-orchester-brake.de\/index.php?rest_route=\/wp\/v2\/pages\/2"}],"collection":[{"href":"https:\/\/www.bsw-orchester-brake.de\/index.php?rest_route=\/wp\/v2\/pages"}],"about":[{"href":"https:\/\/www.bsw-orchester-brake.de\/index.php?rest_route=\/wp\/v2\/types\/page"}],"author":[{"embeddable":true,"href":"https:\/\/www.bsw-orchester-brake.de\/index.php?rest_route=\/wp\/v2\/users\/6"}],"replies":[{"embeddable":true,"href":"https:\/\/www.bsw-orchester-brake.de\/index.php?rest_route=%2Fwp%2Fv2%2Fcomments&post=2"}],"version-history":[{"count":12,"href":"https:\/\/www.bsw-orchester-brake.de\/index.php?rest_route=\/wp\/v2\/pages\/2\/revisions"}],"predecessor-version":[{"id":294,"href":"https:\/\/www.bsw-orchester-brake.de\/index.php?rest_route=\/wp\/v2\/pages\/2\/revisions\/294"}],"wp:attachment":[{"href":"https:\/\/www.bsw-orchester-brake.de\/index.php?rest_route=%2Fwp%2Fv2%2Fmedia&parent=2"}],"curies":[{"name":"wp","href":"https:\/\/api.w.org\/{rel}","templated":true}]}}