{"id":257,"date":"2018-06-19T11:22:40","date_gmt":"2018-06-19T11:22:40","guid":{"rendered":"http:\/\/www.bsw-orchester-brake.de\/?page_id=257"},"modified":"2018-06-19T11:30:33","modified_gmt":"2018-06-19T11:30:33","slug":"der-dirigent","status":"publish","type":"page","link":"https:\/\/www.bsw-orchester-brake.de\/?page_id=257","title":{"rendered":"Der Dirigent"},"content":{"rendered":"<p><strong>Das BSW-Orchester Brake e. V. sucht einen Dirigenten\/eine Dirigentin!<\/strong><\/p>\n<p>Aktuell wird das Orchester von Musikern aus eigenen Reihen geleitet, die sich jedoch gerne wieder voll ihrem Instrument widmen m\u00f6chten.<\/p>\n<p>Ca. 20 motivierte Musikerinnen und Musiker in ausgewogener Besetzung suchen einen motivierten Dirigenten oder eine motivierte Dirigentin. Das Repertoire bewegt sich im Bereich Mittel- bis Oberstufe. Geprobt wird \u00a0immer freitags von 19.30 bis 22.00 Uhr.<\/p>\n<p>Gesucht wird ein Dirigent\/eine Dirigentin, der oder die das Orchester st\u00e4ndig leitet. Eine denkbare Variante w\u00e4re auch die \u00dcbernahme der Orchesterleitung f\u00fcr ein Projekt. \u00a0Die Dauer eines solchen Projektes liegt zwischen 3 und 4 Monaten. Als n\u00e4chstes gr\u00f6\u00dferes Projekt steht ein Kirchenkonzert im Februar 2019 an. Hierzu helfen befreundete Musikerinnen und Musiker aus benachbarten Orchestern, so dass eine gute Besetzung gew\u00e4hrleistet ist.<\/p>\n<p>Das Orchester w\u00fcnscht sich von der zuk\u00fcnftigen musikalischen Leitung:<\/p>\n<p>Er\/Sie sollte zum Orchester passen \u00a0und die Freude an der Musik mit den Musikerinnen und Musikern teilen.<\/p>\n<p>Er\/Sie sollte zuverl\u00e4ssig und loyal sein und vorbereitet zu Proben und Auftritten erscheinen.<\/p>\n<p>Er\/Sie sollte Erfahrung im Bereich Blasmusik gesammelt haben.<\/p>\n<p>Bitte melden Sie sich unter einer der angegebenen Kontaktadressen. Das Orchester freut sich auf Sie!<\/p>\n","protected":false},"excerpt":{"rendered":"<p>Das BSW-Orchester Brake e. V. sucht einen Dirigenten\/eine Dirigentin! Aktuell wird das Orchester von Musikern aus eigenen Reihen geleitet, die sich jedoch gerne wieder voll ihrem Instrument widmen m\u00f6chten. Ca. 20 motivierte Musikerinnen und Musiker in ausgewogener Besetzung suchen einen &hellip;<\/p>\n<p class=\"read-more\"> <a class=\"more-link\" href=\"https:\/\/www.bsw-orchester-brake.de\/?page_id=257\"> <span class=\"screen-reader-text\">Der Dirigent<\/span> Weiterlesen &raquo;<\/a><\/p>\n","protected":false},"author":8,"featured_media":0,"parent":0,"menu_order":3,"comment_status":"closed","ping_status":"closed","template":"","meta":{"footnotes":"","_links_to":"","_links_to_target":""},"class_list":["post-257","page","type-page","status-publish","hentry"],"_links":{"self":[{"href":"https:\/\/www.bsw-orchester-brake.de\/index.php?rest_route=\/wp\/v2\/pages\/257"}],"collection":[{"href":"https:\/\/www.bsw-orchester-brake.de\/index.php?rest_route=\/wp\/v2\/pages"}],"about":[{"href":"https:\/\/www.bsw-orchester-brake.de\/index.php?rest_route=\/wp\/v2\/types\/page"}],"author":[{"embeddable":true,"href":"https:\/\/www.bsw-orchester-brake.de\/index.php?rest_route=\/wp\/v2\/users\/8"}],"replies":[{"embeddable":true,"href":"https:\/\/www.bsw-orchester-brake.de\/index.php?rest_route=%2Fwp%2Fv2%2Fcomments&post=257"}],"version-history":[{"count":3,"href":"https:\/\/www.bsw-orchester-brake.de\/index.php?rest_route=\/wp\/v2\/pages\/257\/revisions"}],"predecessor-version":[{"id":260,"href":"https:\/\/www.bsw-orchester-brake.de\/index.php?rest_route=\/wp\/v2\/pages\/257\/revisions\/260"}],"wp:attachment":[{"href":"https:\/\/www.bsw-orchester-brake.de\/index.php?rest_route=%2Fwp%2Fv2%2Fmedia&parent=257"}],"curies":[{"name":"wp","href":"https:\/\/api.w.org\/{rel}","templated":true}]}}